{"id":3279,"date":"2025-10-16T22:54:01","date_gmt":"2025-10-16T20:54:01","guid":{"rendered":"https:\/\/la-teste-triathlon.fr\/?post_type=product&#038;p=3279"},"modified":"2026-03-01T21:32:26","modified_gmt":"2026-03-01T20:32:26","slug":"trifonction-femme-sans-manches-sireen","status":"publish","type":"product","link":"https:\/\/la-teste-triathlon.fr\/?product=trifonction-femme-sans-manches-sireen","title":{"rendered":"Trifonction femme sans manches SIREEN \/ KARYN"},"content":{"rendered":"\t\t<div data-elementor-type=\"wp-post\" data-elementor-id=\"3279\" class=\"elementor elementor-3279\" data-elementor-post-type=\"product\">\n\t\t\t\t<div class=\"elementor-element elementor-element-84191d2 e-flex e-con-boxed e-con e-parent\" data-id=\"84191d2\" data-element_type=\"container\">\n\t\t\t\t\t<div class=\"e-con-inner\">\n\t\t\t\t<div class=\"elementor-element elementor-element-69342fdb elementor-widget elementor-widget-text-editor\" data-id=\"69342fdb\" data-element_type=\"widget\" data-widget_type=\"text-editor.default\">\n\t\t\t\t\t\t\t\t\tTrifonction sans manches\u00a0pour femme\r\n\r\nBase unie en maille de\u00a0tr\u00e8s haute performance\r\n\r\nEmplacements sublim\u00e9s en maille techniques extensibles avec traitement DWR FluorFREE\r\n\r\nDos nageur, seconde peau, poids plume, s\u00e9chage tr\u00e8s rapide, r\u00e9sistant au chlore.\r\n\r\nBandes cuisses antiglisse\u00a0finition bord franc\r\n\r\nPeau\u00a0<a href=\"https:\/\/www.poli.fr\/img\/cms\/Elementor\/Peaux\/S-TRI\/Fiche_peau_S-TRI.png\">S-TRI<\/a>\u00a0ou\u00a0<a href=\"https:\/\/www.poli.fr\/img\/cms\/Elementor\/Peaux\/CHAMOISINE\/Fiche%20peau%20CHAMOISINE_2.jpg\">chamoisine<\/a>\u00a0ou sans peau\r\n\r\nBiais lycra personnalisable\r\n\r\nOption 2 poches dos a\u00e9r\u00e9es (\u00e9vacuation plus rapide de l\u2019eau)\r\n\r\nMati\u00e8res certifi\u00e9es\u00a0<a href=\"https:\/\/www.poli.fr\/img\/cms\/Elementor\/Certifications\/label_oeko_tex_2.png\">Oeko-Tex\u00ae<\/a>\u00a0et\u00a0<a href=\"https:\/\/www.poli.fr\/img\/cms\/Elementor\/Certifications\/label_bluesign_2.png\">Bluesign<strong>\u00ae<\/strong><\/a>\r\n\r\nDisponible du 2XS au 2XL\t\t\t\t\t\t\t\t<\/div>\n\t\t\t\t\t<\/div>\n\t\t\t\t<\/div>\n\t\t\t\t<\/div>\n\t\t","protected":false},"excerpt":{"rendered":"<div id=\"product-description-short-11015\" class=\"product-des\">\n<p>La trifonction sans manches femme SIREEN, en mati\u00e8res hautement performantes, \u00e9pouse les formes du corps pour une libert\u00e9 de mouvement optimale dans les trois disciplines. Son dos nageur offre un bon maintien, tandis que son tissu l\u00e9ger s\u00e8che tr\u00e8s rapidement. Les bandes antiglisse aux cuisses avec finitions bord franc garantissent un grand confort pour un triathlon en toute s\u00e9r\u00e9nit\u00e9..<\/p>\n<\/div>\n","protected":false},"featured_media":3929,"comment_status":"open","ping_status":"closed","template":"","meta":[],"product_brand":[],"product_cat":[35],"product_tag":[],"class_list":{"0":"post-3279","1":"product","2":"type-product","3":"status-publish","4":"has-post-thumbnail","6":"product_cat-trifonction","8":"first","9":"instock","10":"taxable","11":"shipping-taxable","12":"purchasable","13":"product-type-variable"},"_links":{"self":[{"href":"https:\/\/la-teste-triathlon.fr\/index.php?rest_route=\/wp\/v2\/product\/3279","targetHints":{"allow":["GET"]}}],"collection":[{"href":"https:\/\/la-teste-triathlon.fr\/index.php?rest_route=\/wp\/v2\/product"}],"about":[{"href":"https:\/\/la-teste-triathlon.fr\/index.php?rest_route=\/wp\/v2\/types\/product"}],"replies":[{"embeddable":true,"href":"https:\/\/la-teste-triathlon.fr\/index.php?rest_route=%2Fwp%2Fv2%2Fcomments&post=3279"}],"version-history":[{"count":6,"href":"https:\/\/la-teste-triathlon.fr\/index.php?rest_route=\/wp\/v2\/product\/3279\/revisions"}],"predecessor-version":[{"id":4238,"href":"https:\/\/la-teste-triathlon.fr\/index.php?rest_route=\/wp\/v2\/product\/3279\/revisions\/4238"}],"wp:featuredmedia":[{"embeddable":true,"href":"https:\/\/la-teste-triathlon.fr\/index.php?rest_route=\/wp\/v2\/media\/3929"}],"wp:attachment":[{"href":"https:\/\/la-teste-triathlon.fr\/index.php?rest_route=%2Fwp%2Fv2%2Fmedia&parent=3279"}],"wp:term":[{"taxonomy":"product_brand","embeddable":true,"href":"https:\/\/la-teste-triathlon.fr\/index.php?rest_route=%2Fwp%2Fv2%2Fproduct_brand&post=3279"},{"taxonomy":"product_cat","embeddable":true,"href":"https:\/\/la-teste-triathlon.fr\/index.php?rest_route=%2Fwp%2Fv2%2Fproduct_cat&post=3279"},{"taxonomy":"product_tag","embeddable":true,"href":"https:\/\/la-teste-triathlon.fr\/index.php?rest_route=%2Fwp%2Fv2%2Fproduct_tag&post=3279"}],"curies":[{"name":"wp","href":"https:\/\/api.w.org\/{rel}","templated":true}]}}