{"id":3381,"date":"2025-10-17T00:13:33","date_gmt":"2025-10-16T22:13:33","guid":{"rendered":"https:\/\/la-teste-triathlon.fr\/?post_type=product&#038;p=3381"},"modified":"2026-03-01T20:26:12","modified_gmt":"2026-03-01T19:26:12","slug":"maillot-unisexe-manches-longues-emil","status":"publish","type":"product","link":"https:\/\/la-teste-triathlon.fr\/?product=maillot-unisexe-manches-longues-emil","title":{"rendered":"Maillot unisexe manches longues EMIL"},"content":{"rendered":"<p>Enti\u00e8rement personnalisable \u00e0 vos couleurs<\/p>\n<p>Mod\u00e8le unisexe \u00e0 la coupe regular<\/p>\n<p>Gamme Classic<\/p>\n<p>Jacquard 100% polyester<\/p>\n<p>3 poches dos toutes tailles avec transferts Reflex<\/p>\n<p>Bas c\u00f4t\u00e9s\/dos et poignets avec \u00e9lastique<\/p>\n<p>Col montant<\/p>\n<p>Zip int\u00e9gral autobloquant<\/p>\n<p>Mati\u00e8res certifi\u00e9es\u00a0<a href=\"https:\/\/www.poli.fr\/img\/cms\/Elementor\/Certifications\/label_oeko_tex_2.png\">Oeko-Tek\u00ae<\/a><\/p>\n<p>Disponible du 2XS au 4XL<\/p>\n<p>Mati\u00e8re 1 : 100% Polyester<\/p>\n","protected":false},"excerpt":{"rendered":"<div id=\"product-description-short-8278\" class=\"product-des\">\n<p>Le maillot unisexe \u00e0 manches longues EMIL de la gamme Classic est la tenue id\u00e9ale pour la mi-saison. De coupe droite et en jacquard 100% polyester recycl\u00e9 certifi\u00e9 GRS, il convient parfaitement aux cyclistes en recherche de confort et s&#8217;adapte \u00e0 tous types de sorties (entra\u00eenement, course, VTT, etc.). Polyvalent et tr\u00e8s appr\u00e9ci\u00e9 des clubs, ce maillot est enti\u00e8rement personnalisable aux couleurs de votre \u00e9quipe et est \u00e9galement disponible en version manches courtes.<\/p>\n<\/div>\n","protected":false},"featured_media":3910,"comment_status":"open","ping_status":"closed","template":"","meta":[],"product_brand":[],"product_cat":[41],"product_tag":[],"class_list":{"0":"post-3381","1":"product","2":"type-product","3":"status-publish","4":"has-post-thumbnail","6":"product_cat-maillot","8":"first","9":"instock","10":"taxable","11":"shipping-taxable","12":"purchasable","13":"product-type-variable"},"_links":{"self":[{"href":"https:\/\/la-teste-triathlon.fr\/index.php?rest_route=\/wp\/v2\/product\/3381","targetHints":{"allow":["GET"]}}],"collection":[{"href":"https:\/\/la-teste-triathlon.fr\/index.php?rest_route=\/wp\/v2\/product"}],"about":[{"href":"https:\/\/la-teste-triathlon.fr\/index.php?rest_route=\/wp\/v2\/types\/product"}],"replies":[{"embeddable":true,"href":"https:\/\/la-teste-triathlon.fr\/index.php?rest_route=%2Fwp%2Fv2%2Fcomments&post=3381"}],"version-history":[{"count":2,"href":"https:\/\/la-teste-triathlon.fr\/index.php?rest_route=\/wp\/v2\/product\/3381\/revisions"}],"predecessor-version":[{"id":3502,"href":"https:\/\/la-teste-triathlon.fr\/index.php?rest_route=\/wp\/v2\/product\/3381\/revisions\/3502"}],"wp:featuredmedia":[{"embeddable":true,"href":"https:\/\/la-teste-triathlon.fr\/index.php?rest_route=\/wp\/v2\/media\/3910"}],"wp:attachment":[{"href":"https:\/\/la-teste-triathlon.fr\/index.php?rest_route=%2Fwp%2Fv2%2Fmedia&parent=3381"}],"wp:term":[{"taxonomy":"product_brand","embeddable":true,"href":"https:\/\/la-teste-triathlon.fr\/index.php?rest_route=%2Fwp%2Fv2%2Fproduct_brand&post=3381"},{"taxonomy":"product_cat","embeddable":true,"href":"https:\/\/la-teste-triathlon.fr\/index.php?rest_route=%2Fwp%2Fv2%2Fproduct_cat&post=3381"},{"taxonomy":"product_tag","embeddable":true,"href":"https:\/\/la-teste-triathlon.fr\/index.php?rest_route=%2Fwp%2Fv2%2Fproduct_tag&post=3381"}],"curies":[{"name":"wp","href":"https:\/\/api.w.org\/{rel}","templated":true}]}}